{"id":1230,"date":"2013-02-21T14:24:14","date_gmt":"2013-02-21T12:24:14","guid":{"rendered":"http:\/\/hypnotic.elth.ucv.ro\/elth\/?page_id=1230"},"modified":"2013-02-21T14:24:14","modified_gmt":"2013-02-21T12:24:14","slug":"studii-master","status":"publish","type":"page","link":"http:\/\/hypnotic.elth.ucv.ro\/elth\/?page_id=1230","title":{"rendered":"Studii master"},"content":{"rendered":"<p>Domenii \u015fi specializ\u0103ri \u2013 \u00eenv\u0103\u0163\u0103m\u00e2nt cu frecven\u0163\u0103, durata studiilor 2 ani, 120 credite transferabile, locuri finan\u0163ate de la buget \u015fi locuri cu tax\u0103:<\/p>\n<p>    <strong>Domeniul Inginerie electrica:<\/strong><\/p>\n<li> Modelarea si optimizarea echipamentelor electrice<\/li>\n<li> Calitatea energiei si compatibilitate electromagnetic\u00e1 \u00edn sisteme electrice<\/li>\n<li> Inginerie electrica avansata<\/li>\n<p>    <strong>Domeniul Inginerie energetica<\/strong><\/p>\n<li>Sisteme energetice informatizate<\/li>\n<li> Gestiunea proceselor energetice <\/li>\n<p>    <strong>Domeniul Inginerie aerospatiala<\/strong><\/p>\n<li> Sisteme complexe pentru inginerie aerospatiala<\/li>\n","protected":false},"excerpt":{"rendered":"<p>Domenii \u015fi specializ\u0103ri \u2013 \u00eenv\u0103\u0163\u0103m\u00e2nt cu frecven\u0163\u0103, durata studiilor 2 ani, 120 credite transferabile, locuri finan\u0163ate de la buget \u015fi locuri cu tax\u0103: Domeniul Inginerie electrica: Modelarea si optimizarea echipamentelor electrice Calitatea energiei si compatibilitate electromagnetic\u00e1 \u00edn sisteme electrice Inginerie electrica avansata Domeniul Inginerie energetica Sisteme energetice informatizate Gestiunea proceselor energetice Domeniul Inginerie aerospatiala Sisteme &hellip; <a href=\"http:\/\/hypnotic.elth.ucv.ro\/elth\/?page_id=1230\" class=\"more-link\">Continue reading <span class=\"screen-reader-text\">Studii master<\/span> <span class=\"meta-nav\">&rarr;<\/span><\/a><\/p>\n","protected":false},"author":2,"featured_media":0,"parent":1194,"menu_order":0,"comment_status":"closed","ping_status":"open","template":"","meta":{"footnotes":""},"class_list":["post-1230","page","type-page","status-publish","hentry"],"_links":{"self":[{"href":"http:\/\/hypnotic.elth.ucv.ro\/elth\/index.php?rest_route=\/wp\/v2\/pages\/1230","targetHints":{"allow":["GET"]}}],"collection":[{"href":"http:\/\/hypnotic.elth.ucv.ro\/elth\/index.php?rest_route=\/wp\/v2\/pages"}],"about":[{"href":"http:\/\/hypnotic.elth.ucv.ro\/elth\/index.php?rest_route=\/wp\/v2\/types\/page"}],"author":[{"embeddable":true,"href":"http:\/\/hypnotic.elth.ucv.ro\/elth\/index.php?rest_route=\/wp\/v2\/users\/2"}],"replies":[{"embeddable":true,"href":"http:\/\/hypnotic.elth.ucv.ro\/elth\/index.php?rest_route=%2Fwp%2Fv2%2Fcomments&post=1230"}],"version-history":[{"count":0,"href":"http:\/\/hypnotic.elth.ucv.ro\/elth\/index.php?rest_route=\/wp\/v2\/pages\/1230\/revisions"}],"up":[{"embeddable":true,"href":"http:\/\/hypnotic.elth.ucv.ro\/elth\/index.php?rest_route=\/wp\/v2\/pages\/1194"}],"wp:attachment":[{"href":"http:\/\/hypnotic.elth.ucv.ro\/elth\/index.php?rest_route=%2Fwp%2Fv2%2Fmedia&parent=1230"}],"curies":[{"name":"wp","href":"https:\/\/api.w.org\/{rel}","templated":true}]}}