{"id":133,"date":"2009-03-31T10:34:16","date_gmt":"2009-03-31T07:34:16","guid":{"rendered":"http:\/\/hypnotic.elth.ucv.ro\/elth\/?page_id=133"},"modified":"2021-03-02T10:03:19","modified_gmt":"2021-03-02T08:03:19","slug":"laboratoare","status":"publish","type":"page","link":"http:\/\/hypnotic.elth.ucv.ro\/elth\/?page_id=133","title":{"rendered":"Laboratoare"},"content":{"rendered":"<h4><\/h4>\n<h5><a href=\"https:\/\/www.youtube.com\/watch?v=3GygEeU7iUU&amp;ab_channel=CostelBurada\">Video click here<\/a><\/h5>\n<h5><strong><em>Domeniul Inginerie Electrica<\/em><\/strong><\/h5>\n<ul>\n<li><a href=\"http:\/\/hypnotic.elth.ucv.ro\/elth\/catedrele\/baze\/laboratoare\/cacee.pdf\">Laborator de Cercetare \u015fi analiz\u0103 a calit\u0103\u0163ii energiei electrice <\/a><\/li>\n<li><a href=\"http:\/\/hypnotic.elth.ucv.ro\/elth\/catedrele\/baze\/laboratoare\/ceecemg.pdf\">Laborator de Calitatea energiei electrice \u015fi Compatibilitate electromagnetic\u0103 <\/a><\/li>\n<li><a href=\"http:\/\/hypnotic.elth.ucv.ro\/elth\/catedrele\/baze\/laboratoare\/msn.pdf\">Laborator de Modelare \u015fi simul\u0103ri numerice<\/a><\/li>\n<li>Laborator de Teoria campului electromagnetic<\/li>\n<li>Laborator de Teoria circuitelor electrice<\/li>\n<\/ul>\n<ul>\n<li><a href=\"http:\/\/hypnotic.elth.ucv.ro\/elth\/wp-content\/uploads\/2017\/09\/Lab_ELGII_prezentare_site_2-1.pdf\">Laborator de Electrotehnologii <\/a><\/li>\n<li><a href=\"http:\/\/hypnotic.elth.ucv.ro\/elth\/catedrele\/aparate\/laboratoare\/lit.pdf\">Laborator de Aparate electrice de inalta tensiune <\/a><\/li>\n<li><a href=\"http:\/\/hypnotic.elth.ucv.ro\/elth\/catedrele\/aparate\/laboratoare\/ljt.pdf\">Laborator de Aparate electrice de joasa tensiune <\/a><\/li>\n<li><a href=\"http:\/\/hypnotic.elth.ucv.ro\/elth\/catedrele\/aparate\/laboratoare\/tti.pdf\">Laborator de Tehnica tensiunilor inalte <\/a><\/li>\n<li>Laborator de Calitate si fiabilitate<\/li>\n<li>Laborator de Modelare si simulare numerica in electrotehnica<\/li>\n<\/ul>\n<p><strong><em>Domeniul Inginerie energetica<\/em><\/strong><\/p>\n<ul>\n<li><a href=\"http:\/\/hypnotic.elth.ucv.ro\/elth\/catedrele\/energetica\/laboratoare\/uee.pdf\">Laborator Utilizarile energiei electrice <\/a><\/li>\n<li><a href=\"http:\/\/hypnotic.elth.ucv.ro\/elth\/catedrele\/energetica\/laboratoare\/studproct.pdf\">Laborator de Studiul proceselor termice, hidraulice si pneumatice <\/a><\/li>\n<li><a href=\"http:\/\/hypnotic.elth.ucv.ro\/elth\/catedrele\/energetica\/laboratoare\/sisenerg.pdf\">Laborator de Sisteme electroenergetice <\/a><\/li>\n<li><a href=\"http:\/\/hypnotic.elth.ucv.ro\/elth\/catedrele\/energetica\/laboratoare\/protel.pdf\">Laborator de Protectii electrice <\/a><\/li>\n<li><a href=\"http:\/\/hypnotic.elth.ucv.ro\/elth\/catedrele\/energetica\/laboratoare\/mspe.pdf\">Laborator Modelarea si simulare a proceselor energetice energiei electrice <\/a><\/li>\n<li><a href=\"http:\/\/hypnotic.elth.ucv.ro\/elth\/catedrele\/energetica\/laboratoare\/efnenerg.pdf\">Laborator Analiza eficientei energetice a instalatiilor si cladirilor <\/a><\/li>\n<li><a href=\"http:\/\/hypnotic.elth.ucv.ro\/elth\/catedrele\/energetica\/laboratoare\/instterm.pdf\">Laborator de Instalatii termice, hidraulice si pneumatice<\/a><\/li>\n<\/ul>\n<p><b><i>Domeniul Inginerie aerospatiala<\/i><\/b><\/p>\n<ul>\n<li><a href=\"http:\/\/hypnotic.elth.ucv.ro\/elth\/catedrele\/avionica\/laboratoare\/avionica.pdf\">Laborator de Avionica <\/a><\/li>\n<li><a href=\"http:\/\/hypnotic.elth.ucv.ro\/elth\/catedrele\/avionica\/laboratoare\/scia.pdf\">Laborator de Sisteme complexe pentru inginerie aerospatiala<\/a><\/li>\n<\/ul>\n","protected":false},"excerpt":{"rendered":"<p>Video click here Domeniul Inginerie Electrica Laborator de Cercetare \u015fi analiz\u0103 a calit\u0103\u0163ii energiei electrice Laborator de Calitatea energiei electrice \u015fi Compatibilitate electromagnetic\u0103 Laborator de Modelare \u015fi simul\u0103ri numerice Laborator de Teoria campului electromagnetic Laborator de Teoria circuitelor electrice Laborator de Electrotehnologii Laborator de Aparate electrice de inalta tensiune Laborator de Aparate electrice de joasa &hellip; <a href=\"http:\/\/hypnotic.elth.ucv.ro\/elth\/?page_id=133\" class=\"more-link\">Continue reading <span class=\"screen-reader-text\">Laboratoare<\/span> <span class=\"meta-nav\">&rarr;<\/span><\/a><\/p>\n","protected":false},"author":2,"featured_media":0,"parent":13,"menu_order":0,"comment_status":"closed","ping_status":"closed","template":"","meta":{"footnotes":""},"class_list":["post-133","page","type-page","status-publish","hentry"],"_links":{"self":[{"href":"http:\/\/hypnotic.elth.ucv.ro\/elth\/index.php?rest_route=\/wp\/v2\/pages\/133","targetHints":{"allow":["GET"]}}],"collection":[{"href":"http:\/\/hypnotic.elth.ucv.ro\/elth\/index.php?rest_route=\/wp\/v2\/pages"}],"about":[{"href":"http:\/\/hypnotic.elth.ucv.ro\/elth\/index.php?rest_route=\/wp\/v2\/types\/page"}],"author":[{"embeddable":true,"href":"http:\/\/hypnotic.elth.ucv.ro\/elth\/index.php?rest_route=\/wp\/v2\/users\/2"}],"replies":[{"embeddable":true,"href":"http:\/\/hypnotic.elth.ucv.ro\/elth\/index.php?rest_route=%2Fwp%2Fv2%2Fcomments&post=133"}],"version-history":[{"count":3,"href":"http:\/\/hypnotic.elth.ucv.ro\/elth\/index.php?rest_route=\/wp\/v2\/pages\/133\/revisions"}],"predecessor-version":[{"id":3027,"href":"http:\/\/hypnotic.elth.ucv.ro\/elth\/index.php?rest_route=\/wp\/v2\/pages\/133\/revisions\/3027"}],"up":[{"embeddable":true,"href":"http:\/\/hypnotic.elth.ucv.ro\/elth\/index.php?rest_route=\/wp\/v2\/pages\/13"}],"wp:attachment":[{"href":"http:\/\/hypnotic.elth.ucv.ro\/elth\/index.php?rest_route=%2Fwp%2Fv2%2Fmedia&parent=133"}],"curies":[{"name":"wp","href":"https:\/\/api.w.org\/{rel}","templated":true}]}}