{"id":1499,"date":"2013-02-28T09:18:31","date_gmt":"2013-02-28T07:18:31","guid":{"rendered":"http:\/\/hypnotic.elth.ucv.ro\/elth\/?page_id=1499"},"modified":"2021-03-29T08:32:14","modified_gmt":"2021-03-29T06:32:14","slug":"programe","status":"publish","type":"page","link":"http:\/\/hypnotic.elth.ucv.ro\/elth\/?page_id=1499","title":{"rendered":"Proiecte de cercetare"},"content":{"rendered":"<p>&nbsp;<\/p>\n<ul>\n<li><strong>Programul AMTRANS Programul National Amenajarea Teritoriului si Transporturi<\/strong><\/li>\n<\/ul>\n<p>&nbsp;<\/p>\n<ul>\n<li><strong> PLANUL NA\u0162IONAL DE CERCETARE, DEZVOLTARE \u015eI INOVARE II, 2007 &#8211; 2013<\/strong><\/li>\n<li>STUDIUL \u015eI IMPLEMENTAREA UNEI SOLU\u0162II TEHNOLOGICE PENTRU SPORIREA EFICIEN\u0162EI ENERGETICE, A SIGURAN\u0162EI \u015eI SECURIT\u0102\u0162II \u00ceN TRANSPORTUL ELECTRIC URBAN<\/li>\n<\/ul>\n<ul>\n<li>CERCETARI PRIVIND AMPLIFICAREA EFECTULUI COANDA<\/li>\n<\/ul>\n<ul>\n<li>ANALIZA POSIBILITATILOR DE ALIMENTARE CU CALDURA A CONSUMATORILOR URBANI IN PERSPECTIVA EFICIENTIZARII CONSUMURILOR ENERGETICE<\/li>\n<\/ul>\n<ul>\n<li>MODELE AVANSATE \u015eI SIMULAREA DE PRECIZIE A DISPOZITIVELOR CU MIEZ FEROMAGNETIC \u00ceN REGIMURI DINAMICE PUTERNIC DEFORMANTE SPECIFICE APLICA\u0162IILOR MODERNE<\/li>\n<\/ul>\n<ul>\n<li>METODE INOVATOARE DE ACHIZITIE SI PRELUCRARE NUMERICA DESTINATE CRESTERII SECURITATII SISTEMELOR ELECTROENERGETICE SI ALIMENTARII CU ENERGIE ELECTRICA A CONSUMATORILOR<\/li>\n<\/ul>\n<ul>\n<li>NAVIGATORI INERTIALI STRAP-DOWN DE INALTA PRECIZIE, BAZATI PE CONECTAREA SI INTEGRAREA ADAPTIVA A NANO SI MICRO SENZORILOR INERTIALI IN RETELE LOW-COST, CU GRAD RIDICAT DE REDUNDANTA<\/li>\n<\/ul>\n","protected":false},"excerpt":{"rendered":"<p>&nbsp; Programul AMTRANS Programul National Amenajarea Teritoriului si Transporturi &nbsp; PLANUL NA\u0162IONAL DE CERCETARE, DEZVOLTARE \u015eI INOVARE II, 2007 &#8211; 2013 STUDIUL \u015eI IMPLEMENTAREA UNEI SOLU\u0162II TEHNOLOGICE PENTRU SPORIREA EFICIEN\u0162EI ENERGETICE, A SIGURAN\u0162EI \u015eI SECURIT\u0102\u0162II \u00ceN TRANSPORTUL ELECTRIC URBAN CERCETARI PRIVIND AMPLIFICAREA EFECTULUI COANDA ANALIZA POSIBILITATILOR DE ALIMENTARE CU CALDURA A CONSUMATORILOR URBANI IN PERSPECTIVA &hellip; <a href=\"http:\/\/hypnotic.elth.ucv.ro\/elth\/?page_id=1499\" class=\"more-link\">Continue reading <span class=\"screen-reader-text\">Proiecte de cercetare<\/span> <span class=\"meta-nav\">&rarr;<\/span><\/a><\/p>\n","protected":false},"author":2,"featured_media":0,"parent":23,"menu_order":0,"comment_status":"closed","ping_status":"closed","template":"","meta":{"footnotes":""},"class_list":["post-1499","page","type-page","status-publish","hentry"],"_links":{"self":[{"href":"http:\/\/hypnotic.elth.ucv.ro\/elth\/index.php?rest_route=\/wp\/v2\/pages\/1499","targetHints":{"allow":["GET"]}}],"collection":[{"href":"http:\/\/hypnotic.elth.ucv.ro\/elth\/index.php?rest_route=\/wp\/v2\/pages"}],"about":[{"href":"http:\/\/hypnotic.elth.ucv.ro\/elth\/index.php?rest_route=\/wp\/v2\/types\/page"}],"author":[{"embeddable":true,"href":"http:\/\/hypnotic.elth.ucv.ro\/elth\/index.php?rest_route=\/wp\/v2\/users\/2"}],"replies":[{"embeddable":true,"href":"http:\/\/hypnotic.elth.ucv.ro\/elth\/index.php?rest_route=%2Fwp%2Fv2%2Fcomments&post=1499"}],"version-history":[{"count":2,"href":"http:\/\/hypnotic.elth.ucv.ro\/elth\/index.php?rest_route=\/wp\/v2\/pages\/1499\/revisions"}],"predecessor-version":[{"id":3042,"href":"http:\/\/hypnotic.elth.ucv.ro\/elth\/index.php?rest_route=\/wp\/v2\/pages\/1499\/revisions\/3042"}],"up":[{"embeddable":true,"href":"http:\/\/hypnotic.elth.ucv.ro\/elth\/index.php?rest_route=\/wp\/v2\/pages\/23"}],"wp:attachment":[{"href":"http:\/\/hypnotic.elth.ucv.ro\/elth\/index.php?rest_route=%2Fwp%2Fv2%2Fmedia&parent=1499"}],"curies":[{"name":"wp","href":"https:\/\/api.w.org\/{rel}","templated":true}]}}