{"id":2193,"date":"2015-03-23T12:53:00","date_gmt":"2015-03-23T10:53:00","guid":{"rendered":"http:\/\/hypnotic.elth.ucv.ro\/elth\/?page_id=2193"},"modified":"2017-11-16T10:23:46","modified_gmt":"2017-11-16T08:23:46","slug":"ghidulstudentului","status":"publish","type":"page","link":"http:\/\/hypnotic.elth.ucv.ro\/elth\/?page_id=2193","title":{"rendered":"Ghidul studentului"},"content":{"rendered":"<p>&nbsp;<\/p>\n<ol>\n<li><strong> Informa\u0163ii despre forma\u0163iile de studiu<\/strong><\/li>\n<\/ol>\n<p>Sunt disponibile la adresa web:<\/p>\n<p><a href=\"http:\/\/ieea.ucv.ro\/php\/formstudplan\/tFormatiiStudiuNetlist.php\">http:\/\/ieea.ucv.ro\/php\/formstudplan\/tFormatiiStudiuNetlist.php<\/a><\/p>\n<p>&nbsp;<\/p>\n<ol start=\"2\">\n<li><strong> Planuri de \u00eenv\u0103\u0163\u0103m\u00e2nt<\/strong><\/li>\n<\/ol>\n<p>Sunt disponibile la adresa web:<\/p>\n<p><a href=\"http:\/\/ieea.ucv.ro\/php\/formstudplan\/tPlanNetlist.php\">http:\/\/ieea.ucv.ro\/php\/formstudplan\/tPlanNetlist.php<\/a><\/p>\n<ol start=\"3\">\n<li><strong> Structura anului universitar<\/strong><\/li>\n<\/ol>\n<p>Este disponibil\u0103 la adresa web:<\/p>\n<p><a href=\"http:\/\/hypnotic.elth.ucv.ro\/elth\/fisiere\/probleme%20studentesti\/Studenti,%20plan,%20structura%20etc\/Structura.pdf\">http:\/\/hypnotic.elth.ucv.ro\/elth\/fisiere\/probleme%20studentesti\/Studenti,%20plan,%20structura%20etc\/Structura.pdf<\/a><\/p>\n<p>&nbsp;<\/p>\n<ol start=\"4\">\n<li><strong> Orare<\/strong><\/li>\n<\/ol>\n<p>Orarele studen\u0163ilor de la Departamentul de Inginerie Electrica, Energetica \u015fi Aerospa\u0163ial\u0103 sunt disponibile la adresa web:<\/p>\n<p><a href=\"http:\/\/hypnotic.elth.ucv.ro\/elth\/fisiere\/probleme%20studentesti\/index.php?path=Orare\/\">http:\/\/hypnotic.elth.ucv.ro\/elth\/fisiere\/probleme%20studentesti\/index.php?path=Orare<\/a><\/p>\n<p>&nbsp;<\/p>\n<ol start=\"5\">\n<li><strong> Informa\u0163ii despre planificarea examenelor<\/strong><\/li>\n<\/ol>\n<p>Sunt disponibile la adresa web:<\/p>\n<p><a href=\"http:\/\/ieea.ucv.ro\/student\/Programarea%20examenelor\/Programarea%20examenelor.html\">http:\/\/ieea.ucv.ro\/student\/Programarea%20examenelor\/Programarea%20examenelor.html<\/a><strong>\u00a0 \u00a0 \u00a0 \u00a0 \u00a0 \u00a0 \u00a0 \u00a0<\/strong><\/p>\n<ol start=\"6\">\n<li><strong> Adrese utile <\/strong><\/li>\n<\/ol>\n<p>Sunt disponibile la adresa web:<\/p>\n<p><a href=\"http:\/\/ie.ucv.ro\/student\/\">http:\/\/ie.ucv.ro\/student<\/a><\/p>\n","protected":false},"excerpt":{"rendered":"<p>&nbsp; Informa\u0163ii despre forma\u0163iile de studiu Sunt disponibile la adresa web: http:\/\/ieea.ucv.ro\/php\/formstudplan\/tFormatiiStudiuNetlist.php &nbsp; Planuri de \u00eenv\u0103\u0163\u0103m\u00e2nt Sunt disponibile la adresa web: http:\/\/ieea.ucv.ro\/php\/formstudplan\/tPlanNetlist.php Structura anului universitar Este disponibil\u0103 la adresa web: http:\/\/hypnotic.elth.ucv.ro\/elth\/fisiere\/probleme%20studentesti\/Studenti,%20plan,%20structura%20etc\/Structura.pdf &nbsp; Orare Orarele studen\u0163ilor de la Departamentul de Inginerie Electrica, Energetica \u015fi Aerospa\u0163ial\u0103 sunt disponibile la adresa web: http:\/\/hypnotic.elth.ucv.ro\/elth\/fisiere\/probleme%20studentesti\/index.php?path=Orare &nbsp; Informa\u0163ii despre planificarea examenelor &hellip; <a href=\"http:\/\/hypnotic.elth.ucv.ro\/elth\/?page_id=2193\" class=\"more-link\">Continue reading <span class=\"screen-reader-text\">Ghidul studentului<\/span> <span class=\"meta-nav\">&rarr;<\/span><\/a><\/p>\n","protected":false},"author":2,"featured_media":0,"parent":1198,"menu_order":0,"comment_status":"closed","ping_status":"closed","template":"","meta":{"footnotes":""},"class_list":["post-2193","page","type-page","status-publish","hentry"],"_links":{"self":[{"href":"http:\/\/hypnotic.elth.ucv.ro\/elth\/index.php?rest_route=\/wp\/v2\/pages\/2193","targetHints":{"allow":["GET"]}}],"collection":[{"href":"http:\/\/hypnotic.elth.ucv.ro\/elth\/index.php?rest_route=\/wp\/v2\/pages"}],"about":[{"href":"http:\/\/hypnotic.elth.ucv.ro\/elth\/index.php?rest_route=\/wp\/v2\/types\/page"}],"author":[{"embeddable":true,"href":"http:\/\/hypnotic.elth.ucv.ro\/elth\/index.php?rest_route=\/wp\/v2\/users\/2"}],"replies":[{"embeddable":true,"href":"http:\/\/hypnotic.elth.ucv.ro\/elth\/index.php?rest_route=%2Fwp%2Fv2%2Fcomments&post=2193"}],"version-history":[{"count":3,"href":"http:\/\/hypnotic.elth.ucv.ro\/elth\/index.php?rest_route=\/wp\/v2\/pages\/2193\/revisions"}],"predecessor-version":[{"id":2964,"href":"http:\/\/hypnotic.elth.ucv.ro\/elth\/index.php?rest_route=\/wp\/v2\/pages\/2193\/revisions\/2964"}],"up":[{"embeddable":true,"href":"http:\/\/hypnotic.elth.ucv.ro\/elth\/index.php?rest_route=\/wp\/v2\/pages\/1198"}],"wp:attachment":[{"href":"http:\/\/hypnotic.elth.ucv.ro\/elth\/index.php?rest_route=%2Fwp%2Fv2%2Fmedia&parent=2193"}],"curies":[{"name":"wp","href":"https:\/\/api.w.org\/{rel}","templated":true}]}}