{"id":2536,"date":"2016-01-14T10:20:43","date_gmt":"2016-01-14T08:20:43","guid":{"rendered":"http:\/\/hypnotic.elth.ucv.ro\/elth\/?page_id=2536"},"modified":"2016-01-14T10:20:43","modified_gmt":"2016-01-14T08:20:43","slug":"manageri-energetici","status":"publish","type":"page","link":"http:\/\/hypnotic.elth.ucv.ro\/elth\/?page_id=2536","title":{"rendered":"Manageri energetici"},"content":{"rendered":"<p>\u00cen conformitate cu actul legislativ <em><strong>\u201e<a href=\"http:\/\/www.anre.ro\/ro\/eficienta-energetica\/legislatie\/legislatie-efic-en\">Regulamentul de atestare manageri<\/a>&#8221; aprobat prin Ordinul pre\u015fedintelui Autorit\u0103\u0163ii Na\u0163ionale de reglementare \u00een Domeniul Energiei prin Decizia 2794\/17.12.2014 \u015fi publicat \u00een Monitorul Oficial nr.25\/13.01.2015 partea I bis 2014<\/strong><\/em>, <strong>Facultatea de Inginerie Electric\u0103<\/strong> din cadrul Universit\u0103\u0163ii din Craiova a ob\u0163inut acordul Autorit\u0103\u0163ii Na\u0163ionale de Reglementare \u00een domeniul Energiei \u2013 ANRE (aviz 30442\/21.04.2015), s\u0103 organizeze cursuri de specialitate \u00een domeniul managementului energetic: <strong>Manageri Energetici pentru Industrie<\/strong> \u015fi <strong>Manageri Energetici pentru localit\u0103\u0163i<\/strong>.<br \/>\nCursurile de preg\u0103tire \u00een vederea atest\u0103rii pentru Manageri energetici con\u021bine 90 de ore, astfel:<br \/>\n&#8211; preg\u0103tire teoretic\u0103 (la distan\u021b\u0103) \u2013 60 de ore;<br \/>\n&#8211; preg\u0103tire practic\u0103 (studii \u0219i analize de caz, aplica\u021bii, laboratoare, sub forma de \u00eent\u00eelniri directe) \u2013 30 de ore.<br \/>\n\u00cent\u00eelnirile directe (30 de ore) se desf\u0103\u0219oar\u0103 sub forma unei sesiuni, pe parcursul unei sesiuni, \u00een cadrul Universit\u0103\u021bii din Craiova, Facultatea de Inginerie Electric\u0103 (Bld. Decebal, Nr. 107, Craiova), cu examen de absolvire a cursului (test gril\u0103) \u00een cea de-a \u015fasea zi.<br \/>\nCosturile totale, \u00een valoare de 2500 lei\/cursant include: materialele didactice pentru studiu \u00een format electronic, program de \u00eent\u00eelnire cu cadrele didactice, examinare final\u0103<br \/>\n<strong>Acte necesare la \u00eenscriere<\/strong><br \/>\n&#8211; fi\u015f\u0103 de \u00eenscriere \u2013 <a href=\"http:\/\/ie.ucv.ro\/images\/EU_SITE\/Home\/formare\/Fisa%20inscriere%20Manageri%20%20energetici.doc\">descarc\u0103<\/a><br \/>\n&#8211; copie dup\u0103 diploma de licen\u0163\u0103 &#8211; absolvent program de studii conform cerin\u0163elor ANRE<br \/>\n&#8211; copie dup\u0103 certificatul de c\u0103s\u0103torie (dac\u0103 este cazul)<br \/>\n&#8211; copie dup\u0103 certificatul de na\u015ftere<\/p>\n<p>Contact<br \/>\nUniversitatea din Craiova<br \/>\nFacultatea de Inginerie Electric\u0103<br \/>\n\u015eef lucr\u0103ri dr. ing. Radu \u2013 Cristian DINU<br \/>\nTel: 0722391085, 0763397308<br \/>\nE-mail:<\/p>\n<table>\n<tbody>\n<tr>\n<td>\u00a0rcdinu<\/p>\n<p>dinu_raducristian<\/td>\n<td>@<\/p>\n<p>@<\/td>\n<td>elth.ucv.ro<\/p>\n<p>yahoo.com<\/td>\n<\/tr>\n<\/tbody>\n<\/table>\n","protected":false},"excerpt":{"rendered":"<p>\u00cen conformitate cu actul legislativ \u201eRegulamentul de atestare manageri&#8221; aprobat prin Ordinul pre\u015fedintelui Autorit\u0103\u0163ii Na\u0163ionale de reglementare \u00een Domeniul Energiei prin Decizia 2794\/17.12.2014 \u015fi publicat \u00een Monitorul Oficial nr.25\/13.01.2015 partea I bis 2014, Facultatea de Inginerie Electric\u0103 din cadrul Universit\u0103\u0163ii din Craiova a ob\u0163inut acordul Autorit\u0103\u0163ii Na\u0163ionale de Reglementare \u00een domeniul Energiei \u2013 ANRE (aviz &hellip; <a href=\"http:\/\/hypnotic.elth.ucv.ro\/elth\/?page_id=2536\" class=\"more-link\">Continue reading <span class=\"screen-reader-text\">Manageri energetici<\/span> <span class=\"meta-nav\">&rarr;<\/span><\/a><\/p>\n","protected":false},"author":2,"featured_media":0,"parent":0,"menu_order":0,"comment_status":"closed","ping_status":"closed","template":"","meta":{"footnotes":""},"class_list":["post-2536","page","type-page","status-publish","hentry"],"_links":{"self":[{"href":"http:\/\/hypnotic.elth.ucv.ro\/elth\/index.php?rest_route=\/wp\/v2\/pages\/2536","targetHints":{"allow":["GET"]}}],"collection":[{"href":"http:\/\/hypnotic.elth.ucv.ro\/elth\/index.php?rest_route=\/wp\/v2\/pages"}],"about":[{"href":"http:\/\/hypnotic.elth.ucv.ro\/elth\/index.php?rest_route=\/wp\/v2\/types\/page"}],"author":[{"embeddable":true,"href":"http:\/\/hypnotic.elth.ucv.ro\/elth\/index.php?rest_route=\/wp\/v2\/users\/2"}],"replies":[{"embeddable":true,"href":"http:\/\/hypnotic.elth.ucv.ro\/elth\/index.php?rest_route=%2Fwp%2Fv2%2Fcomments&post=2536"}],"version-history":[{"count":0,"href":"http:\/\/hypnotic.elth.ucv.ro\/elth\/index.php?rest_route=\/wp\/v2\/pages\/2536\/revisions"}],"wp:attachment":[{"href":"http:\/\/hypnotic.elth.ucv.ro\/elth\/index.php?rest_route=%2Fwp%2Fv2%2Fmedia&parent=2536"}],"curies":[{"name":"wp","href":"https:\/\/api.w.org\/{rel}","templated":true}]}}