{"id":2542,"date":"2016-01-14T10:24:50","date_gmt":"2016-01-14T08:24:50","guid":{"rendered":"http:\/\/hypnotic.elth.ucv.ro\/elth\/?page_id=2542"},"modified":"2016-01-14T10:24:50","modified_gmt":"2016-01-14T08:24:50","slug":"autorizare-electricieni","status":"publish","type":"page","link":"http:\/\/hypnotic.elth.ucv.ro\/elth\/?page_id=2542","title":{"rendered":"Autorizare electricieni"},"content":{"rendered":"<p>\u00cen conformitate cu <em><strong>\u201eRegulamentul pentru autorizarea electricienilor, verificatorilor de proiecte, responsabililor tehnici cu execu\u0163ia, precum \u015fi a exper\u0163ilor tehnici de calitate \u015fi extrajudiciari \u00een domeniul instala\u0163iilor electrice&#8221;<\/strong><\/em> aprobat prin Ordinul pre\u015fedintelui ANRE nr.11\/13.03.2013, publicat \u00een Monitorul Oficial nr. 152 din 21.03.2013, <strong>Facultatea de Inginerie Electric\u0103<\/strong> din cadrul Universit\u0103\u0163ii din Craiova a ob\u0163inut acordul Autorit\u0103\u0163ii Na\u0163ionale de Reglementare \u00een domeniul Energiei \u2013 ANRE (aviz 29\/17.02.2015), s\u0103 organizeze cursuri de preg\u0103tire teoretic\u0103 \u00een domeniul instala\u0163iilor electrice necesare candida\u0163ilor la examenul de autorizare organizat de ANRE \u00een conformitate cu prevederile legale.<\/p>\n<p>Cursurile vor avea durata de 6 zile \u015fi vor fi organizate \u00een serii constituite \u00een general din 20 de cursan\u0163i. Perioadele de desf\u0103\u015furare a urm\u0103toarelor serii vor fi stabilite \u00een func\u0163ie de completarea num\u0103rului de cursan\u0163i \u015fi vor fi anun\u0163ate ulterior. <strong>Pentru constituirea seriilor, persoanele interesate sunt rugate s\u0103-\u015fi manifeste inten\u0163ia de participare la cursuri prin completarea \u015fi trimiterea cererii de \u00eenscriere de mai jos<\/strong>.<br \/>\n<strong>Cerere de \u00eenscriere &#8211; <a href=\"http:\/\/ie.ucv.ro\/images\/EU_SITE\/Home\/formare\/Cerere%20de%20inscriere.doc\">descarc\u0103<\/a><\/strong><br \/>\nCererea de \u00eenscriere se poate trimite \u015fi prin email la persona de contact men\u0163ionat\u0103 mai jos.<br \/>\nActele necesare \u00eenscrierii la curs sunt copii nelegalizate dup\u0103:<\/p>\n<ul>\n<li>cerere de \u00eenscriere;<\/li>\n<li>buletinul sau cartea de identitate<\/li>\n<li>certificatul de na\u015ftere;<\/li>\n<li>certificate sau diplome care atest\u0103 calificarea profesional\u0103;<\/li>\n<li>adeverin\u0163\u0103 de student (daca este cazul);<\/li>\n<li>certificatul de c\u0103s\u0103torie (\u00een cazul \u00een care numele de pe diplom\u0103 nu este identic cu numele actual).<\/li>\n<\/ul>\n<p>Costurile totale (pentru Facultate) care includ cursul, examenul de absolvire \u015fi eliberarea certificatului de absolvire sunt: pentru gradul I sau II de 450 lei\/cursant; pentru gradul III sau IV de 550 lei\/cursant; pentru studen\u0163ii \u00eenmatricula\u0163i la Universitatea din Craiova 150 lei\/student.<br \/>\nCursurile se vor \u00eencheia cu un examen, similar cu cel organizat de ANRE \u00een vederea atest\u0103rii, \u00een urma c\u0103ruia absolven\u0163ii vor primi un certificat de absolvire a cursului cu antetul Universit\u0103\u0163ii din Craiova care nu implic\u0103 ob\u0163inerea unei calific\u0103ri (drept de profesie).<\/p>\n<p>Con\u0163inutul cursurilor acoper\u0103 integral tematica recomandat\u0103 de ANRE:<\/p>\n<ul>\n<li>electrotehnic\u0103;<\/li>\n<li>legisla\u0163ie;<\/li>\n<li>norme tehnice.<\/li>\n<\/ul>\n<p>Informa\u0163ii suplimentare se pot ob\u0163ine la<\/p>\n<p>email:cristian_bratu_elth@yahoo.com<\/p>\n","protected":false},"excerpt":{"rendered":"<p>\u00cen conformitate cu \u201eRegulamentul pentru autorizarea electricienilor, verificatorilor de proiecte, responsabililor tehnici cu execu\u0163ia, precum \u015fi a exper\u0163ilor tehnici de calitate \u015fi extrajudiciari \u00een domeniul instala\u0163iilor electrice&#8221; aprobat prin Ordinul pre\u015fedintelui ANRE nr.11\/13.03.2013, publicat \u00een Monitorul Oficial nr. 152 din 21.03.2013, Facultatea de Inginerie Electric\u0103 din cadrul Universit\u0103\u0163ii din Craiova a ob\u0163inut acordul Autorit\u0103\u0163ii Na\u0163ionale &hellip; <a href=\"http:\/\/hypnotic.elth.ucv.ro\/elth\/?page_id=2542\" class=\"more-link\">Continue reading <span class=\"screen-reader-text\">Autorizare electricieni<\/span> <span class=\"meta-nav\">&rarr;<\/span><\/a><\/p>\n","protected":false},"author":2,"featured_media":0,"parent":0,"menu_order":0,"comment_status":"closed","ping_status":"closed","template":"","meta":{"footnotes":""},"class_list":["post-2542","page","type-page","status-publish","hentry"],"_links":{"self":[{"href":"http:\/\/hypnotic.elth.ucv.ro\/elth\/index.php?rest_route=\/wp\/v2\/pages\/2542","targetHints":{"allow":["GET"]}}],"collection":[{"href":"http:\/\/hypnotic.elth.ucv.ro\/elth\/index.php?rest_route=\/wp\/v2\/pages"}],"about":[{"href":"http:\/\/hypnotic.elth.ucv.ro\/elth\/index.php?rest_route=\/wp\/v2\/types\/page"}],"author":[{"embeddable":true,"href":"http:\/\/hypnotic.elth.ucv.ro\/elth\/index.php?rest_route=\/wp\/v2\/users\/2"}],"replies":[{"embeddable":true,"href":"http:\/\/hypnotic.elth.ucv.ro\/elth\/index.php?rest_route=%2Fwp%2Fv2%2Fcomments&post=2542"}],"version-history":[{"count":0,"href":"http:\/\/hypnotic.elth.ucv.ro\/elth\/index.php?rest_route=\/wp\/v2\/pages\/2542\/revisions"}],"wp:attachment":[{"href":"http:\/\/hypnotic.elth.ucv.ro\/elth\/index.php?rest_route=%2Fwp%2Fv2%2Fmedia&parent=2542"}],"curies":[{"name":"wp","href":"https:\/\/api.w.org\/{rel}","templated":true}]}}