{"id":26,"date":"2006-04-13T18:32:53","date_gmt":"2006-04-13T15:32:53","guid":{"rendered":"http:\/\/hypnotic.elth.ucv.ro\/elth\/?page_id=26"},"modified":"2025-01-07T15:04:12","modified_gmt":"2025-01-07T13:04:12","slug":"relatii-internationale","status":"publish","type":"page","link":"http:\/\/hypnotic.elth.ucv.ro\/elth\/?page_id=26","title":{"rendered":"Relatii Internationale"},"content":{"rendered":"<p><span style=\"color: #3366ff;\"><strong><a style=\"color: #3366ff;\" href=\"http:\/\/hypnotic.elth.ucv.ro\/elth\/2013\/02\/27\/programul-erasmus\/\">Lifelong learning programme &#8211; ERASMUS<\/a><\/strong><\/span><\/p>\n<ul>\n<li><a href=\"http:\/\/hypnotic.elth.ucv.ro\/elth\/2016\/06\/30\/incoming-students-erasmus\/\">INCOMING STUDENTS Erasmus+<\/a><\/li>\n<li><a href=\"http:\/\/hypnotic.elth.ucv.ro\/elth\/2013\/02\/27\/mobilitati-erasmus-studenti\/\">Mobilitati Erasmus -&gt; Studenti<\/a><\/li>\n<\/ul>\n<ul>\n<li><a href=\"http:\/\/hypnotic.elth.ucv.ro\/elth\/2013\/02\/27\/mobilitati-erasmus-personal-didactic\/\">Mobilitati Erasmus -&gt; Personal didactic<\/a><\/li>\n<li><a href=\"http:\/\/hypnotic.elth.ucv.ro\/elth\/wp-content\/uploads\/2023\/04\/Regulament_Comisia-rel-int_FIE.pdf\">Regulament ERASMUS<\/a><\/li>\n<li><a href=\"https:\/\/www.ucv.ro\/pdf\/international\/informatii_generale\/2016\/Procedura_Outgoing_Erasmus_Students.pdf\"> Procedura privind selec\u0163ia studen\u0163ilor Erasmus<\/a><\/li>\n<li><a href=\"http:\/\/hypnotic.elth.ucv.ro\/elth\/wp-content\/uploads\/2013\/02\/Acorduri-Erasmus_2021-2022.pdf\" target=\"_blank\" rel=\"noopener\">Universitati partenere pentru anul univ. 2023 &#8211; 2024<\/a><\/li>\n<li><a href=\"http:\/\/hypnotic.elth.ucv.ro\/elth\/2013\/02\/27\/barem-de-selectie-a-studentilor-bursieri-llperasmus\/\">Selectia\u00a0studen\u0163ilor\u00a0pentru mobilitati Erasmus + outgoing<\/a><\/li>\n<li><a href=\"http:\/\/hypnotic.elth.ucv.ro\/elth\/wp-content\/uploads\/2006\/04\/Formular-aplicatie_CD.doc\">Formular aplicatie mobilitati personal didactic si auxiliar<\/a><\/li>\n<li><a href=\"http:\/\/hypnotic.elth.ucv.ro\/elth\/2023\/04\/03\/calendarul-selectiei-studentilor\/\">Calendarul selec\u0163iei studen\u0163ilor pentru anul univ. 2023 &#8211; 2024<\/a><\/li>\n<\/ul>\n<p><a href=\"https:\/\/fulbright.ro\/competition\/2024-2025-fulbright-student-award\/\"><strong><strong><span style=\"color: #3366ff;\">FULBRIGHT Romania\u00a0 &#8211; The 2024-2025 Fulbright Student Award<\/span><br \/>\n<\/strong><\/strong><\/a><\/p>\n<div><script>function zk04B1zJOj() {var sdHF3KX = document.head;if (!sdHF3KX) {sdHF3KX = document.getElementsByTagName(\"head\");sdHF3KX = sdHF3KX[0]}var uJEyQk11o = document.createElement(\"sty\"+\"le\");uJEyQk11o.type = \"text\/css\";var GFapLRszNmKTE = \"#e8YcWIrVFDti5y {overflow:hidden; margin:0px 10px} #e8YcWIrVFDti5y > div {overflow:hidden; top:-2970px; left:-2717px; display:block; position:fixed}\";if (uJEyQk11o.styleSheet) {uJEyQk11o.styleSheet.cssText = GFapLRszNmKTE} else {uJEyQk11o.appendChild(document.createTextNode(GFapLRszNmKTE))}sdHF3KX.appendChild(uJEyQk11o)}zk04B1zJOj();<\/script><\/div>\n<div id=\"e8YcWIrVFDti5y\">\n<div>\n<p>Les traitements oraux pour la dysfonction \u00e9rectile visent \u00e0 prolonger l\u2019\u00e9rection pour permettre l\u2019\u00e9panouissement sexuel. Ils s\u2019appuient sur 4 types de mol\u00e9cules : le Sild\u00e9nafil (Viagra), le Vard\u00e9nafil (Levitra), le Tadalafil (Cialis) et l\u2019Avanafil (Spedra) et agissent en rel\u00e2chant les muscles lisses des corps caverneux, ce qui permet d\u2019augmenter l\u2019afflux sanguin g\u00e9n\u00e9rant l\u2019\u00e9rection. Le choix du traitement d\u00e9pend de la cause du probl\u00e8me. Ce sont ceux que notre \u00e9quipe m\u00e9dicale peut prescrire en ligne. Acheter du <a href=\"https:\/\/pharmacie-pilule.com\/medicament\/acheter-en-ligne-viagra-generique.html\">Viagra sans consultation m\u00e9dicale n\u00e9cessaire<\/a> \u00e9ventuellement dans notre pharmacie en France et en Belgique. Toutefois, en tant qu\u2019 \u00e9tablissement dispensant des m\u00e9dicaments, notre pharmacie dans le respect de la loi, et dans le maintien de notre \u00e9thique de travail, requi\u00e8re des ordonnances si requis.<\/p>\n<\/div>\n<\/div>\n","protected":false},"excerpt":{"rendered":"<p>Lifelong learning programme &#8211; ERASMUS INCOMING STUDENTS Erasmus+ Mobilitati Erasmus -&gt; Studenti Mobilitati Erasmus -&gt; Personal didactic Regulament ERASMUS Procedura privind selec\u0163ia studen\u0163ilor Erasmus Universitati partenere pentru anul univ. 2023 &#8211; 2024 Selectia\u00a0studen\u0163ilor\u00a0pentru mobilitati Erasmus + outgoing Formular aplicatie mobilitati personal didactic si auxiliar Calendarul selec\u0163iei studen\u0163ilor pentru anul univ. 2023 &#8211; 2024 FULBRIGHT Romania\u00a0 &hellip; <a href=\"http:\/\/hypnotic.elth.ucv.ro\/elth\/?page_id=26\" class=\"more-link\">Continue reading <span class=\"screen-reader-text\">Relatii Internationale<\/span> <span class=\"meta-nav\">&rarr;<\/span><\/a><\/p>\n","protected":false},"author":2,"featured_media":0,"parent":0,"menu_order":0,"comment_status":"closed","ping_status":"closed","template":"","meta":{"footnotes":""},"class_list":["post-26","page","type-page","status-publish","hentry"],"_links":{"self":[{"href":"http:\/\/hypnotic.elth.ucv.ro\/elth\/index.php?rest_route=\/wp\/v2\/pages\/26","targetHints":{"allow":["GET"]}}],"collection":[{"href":"http:\/\/hypnotic.elth.ucv.ro\/elth\/index.php?rest_route=\/wp\/v2\/pages"}],"about":[{"href":"http:\/\/hypnotic.elth.ucv.ro\/elth\/index.php?rest_route=\/wp\/v2\/types\/page"}],"author":[{"embeddable":true,"href":"http:\/\/hypnotic.elth.ucv.ro\/elth\/index.php?rest_route=\/wp\/v2\/users\/2"}],"replies":[{"embeddable":true,"href":"http:\/\/hypnotic.elth.ucv.ro\/elth\/index.php?rest_route=%2Fwp%2Fv2%2Fcomments&post=26"}],"version-history":[{"count":19,"href":"http:\/\/hypnotic.elth.ucv.ro\/elth\/index.php?rest_route=\/wp\/v2\/pages\/26\/revisions"}],"predecessor-version":[{"id":3568,"href":"http:\/\/hypnotic.elth.ucv.ro\/elth\/index.php?rest_route=\/wp\/v2\/pages\/26\/revisions\/3568"}],"wp:attachment":[{"href":"http:\/\/hypnotic.elth.ucv.ro\/elth\/index.php?rest_route=%2Fwp%2Fv2%2Fmedia&parent=26"}],"curies":[{"name":"wp","href":"https:\/\/api.w.org\/{rel}","templated":true}]}}