{"id":2766,"date":"2017-06-19T10:52:54","date_gmt":"2017-06-19T07:52:54","guid":{"rendered":"http:\/\/hypnotic.elth.ucv.ro\/elth\/?page_id=2766"},"modified":"2024-10-16T16:16:29","modified_gmt":"2024-10-16T14:16:29","slug":"director-departament","status":"publish","type":"page","link":"http:\/\/hypnotic.elth.ucv.ro\/elth\/?page_id=2766","title":{"rendered":"Director Departament"},"content":{"rendered":"<p>Sef lucrari dr.ing. Radu Cristian DINU<\/p>\n<ul>\n<li><a href=\"http:\/\/hypnotic.elth.ucv.ro\/elth\/wp-content\/uploads\/2024\/10\/Proiect-Managerial-2024-2029_Dinu-Radu-Cristian.pdf\">Proiect Managerial 2024-2029<\/a><\/li>\n<li><a href=\"http:\/\/hypnotic.elth.ucv.ro\/elth\/wp-content\/uploads\/2024\/10\/Raport-Departament-IEEA_final-de-mandat.pdf\">Raport Departament IEEA_final de mandat<\/a><\/li>\n<li><a href=\"http:\/\/hypnotic.elth.ucv.ro\/elth\/wp-content\/uploads\/2022\/02\/Raport-Departament-IEEA-2021.pdf\">Raport activitate 2021<\/a><\/li>\n<li><a href=\"http:\/\/hypnotic.elth.ucv.ro\/elth\/wp-content\/uploads\/2017\/06\/program-managerial.pdf\">Plan Managerial<\/a><\/li>\n<li><a href=\"http:\/\/hypnotic.elth.ucv.ro\/elth\/wp-content\/uploads\/2017\/06\/RAPORT-DE-ACTIVITATE-2016.pdf\">Raport activitate primul an de mandat<\/a><\/li>\n<li><a href=\"http:\/\/hypnotic.elth.ucv.ro\/elth\/wp-content\/uploads\/2018\/02\/RAPORT-DE-ACTIVITATE.pdf\">Raport activitate pentru anul 2 de mandat<\/a><\/li>\n<li><a href=\"http:\/\/hypnotic.elth.ucv.ro\/elth\/wp-content\/uploads\/2018\/11\/Raport-de-activitate-pentru-anul-3-de-mandat.pdf\">Raport de activitate pentru anul 3 de mandat<\/a><\/li>\n<li><a href=\"http:\/\/hypnotic.elth.ucv.ro\/elth\/wp-content\/uploads\/2017\/06\/PLANUL-STRATEGIC1.pptx\" target=\"_blank\" rel=\"noopener noreferrer\">PLANUL\u00a0 STRATEGIC &#8211;\u00a0de dezvoltare a structurii de personal a Departamentului de Inginerie Electric\u0103, Energetic\u0103 \u015fi Aerospa\u0163ial\u0103\u00a02017 &#8211; 2020 (partea I :personal didactic)<\/a><\/li>\n<li><a href=\"http:\/\/hypnotic.elth.ucv.ro\/elth\/wp-content\/uploads\/2017\/06\/Plan-strategic-2.ppt\" target=\"_blank\" rel=\"noopener noreferrer\">PLANUL\u00a0 STRATEGIC &#8211;\u00a0de dezvoltare a structurii de personal a Departamentului de Inginerie Electric\u0103, Energetic\u0103 \u015fi Aerospa\u0163ial\u0103\u00a02017 &#8211; 2020 (partea II :didactic auxiliar)<\/a><\/li>\n<\/ul>\n","protected":false},"excerpt":{"rendered":"<p>Sef lucrari dr.ing. Radu Cristian DINU Proiect Managerial 2024-2029 Raport Departament IEEA_final de mandat Raport activitate 2021 Plan Managerial Raport activitate primul an de mandat Raport activitate pentru anul 2 de mandat Raport de activitate pentru anul 3 de mandat PLANUL\u00a0 STRATEGIC &#8211;\u00a0de dezvoltare a structurii de personal a Departamentului de Inginerie Electric\u0103, Energetic\u0103 \u015fi &hellip; <a href=\"http:\/\/hypnotic.elth.ucv.ro\/elth\/?page_id=2766\" class=\"more-link\">Continue reading <span class=\"screen-reader-text\">Director Departament<\/span> <span class=\"meta-nav\">&rarr;<\/span><\/a><\/p>\n","protected":false},"author":2,"featured_media":0,"parent":13,"menu_order":0,"comment_status":"closed","ping_status":"closed","template":"","meta":{"footnotes":""},"class_list":["post-2766","page","type-page","status-publish","hentry"],"_links":{"self":[{"href":"http:\/\/hypnotic.elth.ucv.ro\/elth\/index.php?rest_route=\/wp\/v2\/pages\/2766","targetHints":{"allow":["GET"]}}],"collection":[{"href":"http:\/\/hypnotic.elth.ucv.ro\/elth\/index.php?rest_route=\/wp\/v2\/pages"}],"about":[{"href":"http:\/\/hypnotic.elth.ucv.ro\/elth\/index.php?rest_route=\/wp\/v2\/types\/page"}],"author":[{"embeddable":true,"href":"http:\/\/hypnotic.elth.ucv.ro\/elth\/index.php?rest_route=\/wp\/v2\/users\/2"}],"replies":[{"embeddable":true,"href":"http:\/\/hypnotic.elth.ucv.ro\/elth\/index.php?rest_route=%2Fwp%2Fv2%2Fcomments&post=2766"}],"version-history":[{"count":7,"href":"http:\/\/hypnotic.elth.ucv.ro\/elth\/index.php?rest_route=\/wp\/v2\/pages\/2766\/revisions"}],"predecessor-version":[{"id":3196,"href":"http:\/\/hypnotic.elth.ucv.ro\/elth\/index.php?rest_route=\/wp\/v2\/pages\/2766\/revisions\/3196"}],"up":[{"embeddable":true,"href":"http:\/\/hypnotic.elth.ucv.ro\/elth\/index.php?rest_route=\/wp\/v2\/pages\/13"}],"wp:attachment":[{"href":"http:\/\/hypnotic.elth.ucv.ro\/elth\/index.php?rest_route=%2Fwp%2Fv2%2Fmedia&parent=2766"}],"curies":[{"name":"wp","href":"https:\/\/api.w.org\/{rel}","templated":true}]}}