{"id":326,"date":"2009-12-22T05:51:34","date_gmt":"2009-12-22T03:51:34","guid":{"rendered":"http:\/\/hypnotic.elth.ucv.ro\/elth\/?page_id=326"},"modified":"2009-12-22T05:51:34","modified_gmt":"2009-12-22T03:51:34","slug":"calitate","status":"publish","type":"page","link":"http:\/\/hypnotic.elth.ucv.ro\/elth\/?page_id=326","title":{"rendered":"Calitate"},"content":{"rendered":"<p style=\"padding-left: 30px;\"><a href=\"http:\/\/hypnotic.elth.ucv.ro\/elth\/wp-content\/uploads\/2009\/12\/Plan-operational-2015.pdf\">Plan operational 2015<\/a><\/p>\n<p style=\"padding-left: 30px;\"><a href=\"http:\/\/hypnotic.elth.ucv.ro\/elth\/wp-content\/uploads\/2009\/12\/Plan-strategic-FIE_2012-2016.pdf\">Plan strategic FIE_2012-2016<\/a><\/p>\n<p style=\"padding-left: 30px;\"><a href=\"http:\/\/hypnotic.elth.ucv.ro\/elth\/2014\/02\/11\/comisia-pentru-asigurarea-si-evaluarea-calitatii\/\">Comisie calitate facultate<\/a><\/p>\n<p style=\"padding-left: 30px;\"><a href=\"http:\/\/www.ucv.ro\/pdf\/invatamant\/management\/cod.pdf\">Codul de asigurare a calit\u0103\u0163ii \u00een Universitatea din Craiova<\/a><\/p>\n<p>&nbsp;<\/p>\n<p>&nbsp;<\/p>\n<p>&nbsp;<\/p>\n","protected":false},"excerpt":{"rendered":"<p>Plan operational 2015 Plan strategic FIE_2012-2016 Comisie calitate facultate Codul de asigurare a calit\u0103\u0163ii \u00een Universitatea din Craiova &nbsp; &nbsp; &nbsp;<\/p>\n","protected":false},"author":2,"featured_media":0,"parent":1194,"menu_order":0,"comment_status":"closed","ping_status":"closed","template":"","meta":{"footnotes":""},"class_list":["post-326","page","type-page","status-publish","hentry"],"_links":{"self":[{"href":"http:\/\/hypnotic.elth.ucv.ro\/elth\/index.php?rest_route=\/wp\/v2\/pages\/326","targetHints":{"allow":["GET"]}}],"collection":[{"href":"http:\/\/hypnotic.elth.ucv.ro\/elth\/index.php?rest_route=\/wp\/v2\/pages"}],"about":[{"href":"http:\/\/hypnotic.elth.ucv.ro\/elth\/index.php?rest_route=\/wp\/v2\/types\/page"}],"author":[{"embeddable":true,"href":"http:\/\/hypnotic.elth.ucv.ro\/elth\/index.php?rest_route=\/wp\/v2\/users\/2"}],"replies":[{"embeddable":true,"href":"http:\/\/hypnotic.elth.ucv.ro\/elth\/index.php?rest_route=%2Fwp%2Fv2%2Fcomments&post=326"}],"version-history":[{"count":0,"href":"http:\/\/hypnotic.elth.ucv.ro\/elth\/index.php?rest_route=\/wp\/v2\/pages\/326\/revisions"}],"up":[{"embeddable":true,"href":"http:\/\/hypnotic.elth.ucv.ro\/elth\/index.php?rest_route=\/wp\/v2\/pages\/1194"}],"wp:attachment":[{"href":"http:\/\/hypnotic.elth.ucv.ro\/elth\/index.php?rest_route=%2Fwp%2Fv2%2Fmedia&parent=326"}],"curies":[{"name":"wp","href":"https:\/\/api.w.org\/{rel}","templated":true}]}}